{"id":3,"date":"2024-11-11T15:10:16","date_gmt":"2024-11-11T15:10:16","guid":{"rendered":"http:\/\/hephaestus.se\/?page_id=3"},"modified":"2025-01-17T09:14:14","modified_gmt":"2025-01-17T08:14:14","slug":"integritetspolicy","status":"publish","type":"page","link":"https:\/\/hephaestus.se\/en\/integritetspolicy\/","title":{"rendered":"Privacy Policy"},"content":{"rendered":"<div data-elementor-type=\"wp-page\" data-elementor-id=\"3\" class=\"elementor elementor-3\">\n\t\t\t\t<div class=\"elementor-element elementor-element-923c946 e-flex e-con-boxed elementor-invisible e-con e-parent\" data-id=\"923c946\" data-element_type=\"container\" data-e-type=\"container\" data-settings=\"{&quot;background_background&quot;:&quot;classic&quot;,&quot;animation&quot;:&quot;fadeIn&quot;}\">\n\t\t\t\t\t<div class=\"e-con-inner\">\n\t\t<div class=\"elementor-element elementor-element-db0aa16 e-con-full e-flex e-con e-child\" data-id=\"db0aa16\" data-element_type=\"container\" data-e-type=\"container\">\n\t\t\t\t<div class=\"elementor-element elementor-element-cbc3230 elementor-widget elementor-widget-heading\" data-id=\"cbc3230\" data-element_type=\"widget\" data-e-type=\"widget\" data-widget_type=\"heading.default\">\n\t\t\t\t<div class=\"elementor-widget-container\">\n\t\t\t\t\t<h1 class=\"elementor-heading-title elementor-size-default\">Privacy Policy<\/h1>\t\t\t\t<\/div>\n\t\t\t\t<\/div>\n\t\t\t\t<\/div>\n\t\t\t\t\t<\/div>\n\t\t\t\t<\/div>\n\t\t<div class=\"elementor-element elementor-element-4703266 e-flex e-con-boxed e-con e-parent\" data-id=\"4703266\" data-element_type=\"container\" data-e-type=\"container\" data-settings=\"{&quot;background_background&quot;:&quot;classic&quot;}\">\n\t\t\t\t\t<div class=\"e-con-inner\">\n\t\t\t\t<div class=\"elementor-element elementor-element-90cff7b elementor-widget elementor-widget-heading\" data-id=\"90cff7b\" data-element_type=\"widget\" data-e-type=\"widget\" data-widget_type=\"heading.default\">\n\t\t\t\t<div class=\"elementor-widget-container\">\n\t\t\t\t\t<h3 class=\"elementor-heading-title elementor-size-default\">Privacy Policy<\/h3>\t\t\t\t<\/div>\n\t\t\t\t<\/div>\n\t\t\t\t<div class=\"elementor-element elementor-element-b05d4e5 elementor-widget elementor-widget-text-editor\" data-id=\"b05d4e5\" data-element_type=\"widget\" data-e-type=\"widget\" data-widget_type=\"text-editor.default\">\n\t\t\t\t<div class=\"elementor-widget-container\">\n\t\t\t\t\t\t\t\t\t<p><strong>Hephaestus.se<\/strong> values \u200b\u200byour privacy and strives to protect your personal information. This privacy policy describes how we collect, use and protect your information when you use our website. By visiting or using our website, you agree to this policy.<\/p>\n<h5>1. Information we collect<\/h5>\n<p>We may collect the following types of information:<\/p>\n<ul>\n<li><strong>Personal information<\/strong>: Name, email address, phone number or other information you provide via forms on our website or via email.<\/li>\n<li><strong>Automatically collected data<\/strong>: IP addresses, browser type, and other technical information used to improve the functionality of the website.<\/li>\n<\/ul>\n<h5>2. How we use your information<\/h5>\n<p>We use collected information to:<\/p>\n<ul>\n<li>Answer your questions and provide customer support.<\/li>\n<li>Improve our services and user experience.<\/li>\n<li>Send important messages related to our services.<\/li>\n<\/ul>\n<h5>3. Sharing of information<\/h5>\n<p>We do not share your personal information with third parties, except when required by law or to fulfill our obligations to you.<\/p>\n<h5>4. Data security<\/h5>\n<p>We use appropriate technical and organizational measures to protect your personal data from unauthorized access, loss or misuse.<\/p>\n<h5>5. Your rights<\/h5>\n<p>You have the right to:<\/p>\n<ul>\n<li>Request information about what information we have about you.<\/li>\n<li>Request that your data be corrected or deleted.<\/li>\n<li>Withdraw your consent for data processing.<\/li>\n<\/ul>\n<p>To exercise your rights, please contact us by email at <strong><a rel=\"noopener\">info@hephaestus.se<\/a><\/strong> or call us at <strong>+46 700273220<\/strong>.<\/p>\n<h5>6. Changes to this policy<\/h5>\n<p>We reserve the right to update this privacy policy as necessary. Any changes will be posted on this page.<\/p>\n<h5>7. Contact us<\/h5>\n<p>If you have any questions about this privacy policy, please contact us:<\/p>\n<ul>\n<li><strong>E-mail<\/strong>: <a rel=\"noopener\">info@hephaestus.se<\/a><\/li>\n<li><strong>Phone<\/strong>: +46 700273220<\/li>\n<\/ul>\t\t\t\t\t\t\t\t<\/div>\n\t\t\t\t<\/div>\n\t\t\t\t\t<\/div>\n\t\t\t\t<\/div>\n\t\t\t\t<\/div>","protected":false},"excerpt":{"rendered":"<p>Integritetspolicy Integritetspolicy Hephaestus.se v\u00e4rnar om din integritet och str\u00e4var efter att skydda dina personuppgifter. Denna integritetspolicy beskriver hur vi samlar in, anv\u00e4nder och skyddar din information n\u00e4r du anv\u00e4nder v\u00e5r webbplats. Genom att bes\u00f6ka eller anv\u00e4nda v\u00e5r webbplats samtycker du till denna policy. 1. Information vi samlar in Vi kan samla in f\u00f6ljande typer av [&hellip;]<\/p>\n","protected":false},"author":1,"featured_media":0,"parent":0,"menu_order":0,"comment_status":"closed","ping_status":"open","template":"","meta":{"site-sidebar-layout":"no-sidebar","site-content-layout":"page-builder","ast-site-content-layout":"full-width-container","site-content-style":"unboxed","site-sidebar-style":"unboxed","ast-global-header-display":"","ast-banner-title-visibility":"","ast-main-header-display":"","ast-hfb-above-header-display":"","ast-hfb-below-header-display":"","ast-hfb-mobile-header-display":"","site-post-title":"disabled","ast-breadcrumbs-content":"","ast-featured-img":"disabled","footer-sml-layout":"","ast-disable-related-posts":"","theme-transparent-header-meta":"enabled","adv-header-id-meta":"","stick-header-meta":"","header-above-stick-meta":"","header-main-stick-meta":"","header-below-stick-meta":"","astra-migrate-meta-layouts":"set","ast-page-background-enabled":"default","ast-page-background-meta":{"desktop":{"background-color":"","background-image":"","background-repeat":"repeat","background-position":"center center","background-size":"auto","background-attachment":"scroll","background-type":"","background-media":"","overlay-type":"","overlay-color":"","overlay-opacity":"","overlay-gradient":""},"tablet":{"background-color":"","background-image":"","background-repeat":"repeat","background-position":"center center","background-size":"auto","background-attachment":"scroll","background-type":"","background-media":"","overlay-type":"","overlay-color":"","overlay-opacity":"","overlay-gradient":""},"mobile":{"background-color":"","background-image":"","background-repeat":"repeat","background-position":"center center","background-size":"auto","background-attachment":"scroll","background-type":"","background-media":"","overlay-type":"","overlay-color":"","overlay-opacity":"","overlay-gradient":""}},"ast-content-background-meta":{"desktop":{"background-color":"var(--ast-global-color-5)","background-image":"","background-repeat":"repeat","background-position":"center center","background-size":"auto","background-attachment":"scroll","background-type":"","background-media":"","overlay-type":"","overlay-color":"","overlay-opacity":"","overlay-gradient":""},"tablet":{"background-color":"var(--ast-global-color-5)","background-image":"","background-repeat":"repeat","background-position":"center center","background-size":"auto","background-attachment":"scroll","background-type":"","background-media":"","overlay-type":"","overlay-color":"","overlay-opacity":"","overlay-gradient":""},"mobile":{"background-color":"var(--ast-global-color-5)","background-image":"","background-repeat":"repeat","background-position":"center center","background-size":"auto","background-attachment":"scroll","background-type":"","background-media":"","overlay-type":"","overlay-color":"","overlay-opacity":"","overlay-gradient":""}},"footnotes":""},"class_list":["post-3","page","type-page","status-publish","hentry"],"_links":{"self":[{"href":"https:\/\/hephaestus.se\/en\/wp-json\/wp\/v2\/pages\/3","targetHints":{"allow":["GET"]}}],"collection":[{"href":"https:\/\/hephaestus.se\/en\/wp-json\/wp\/v2\/pages"}],"about":[{"href":"https:\/\/hephaestus.se\/en\/wp-json\/wp\/v2\/types\/page"}],"author":[{"embeddable":true,"href":"https:\/\/hephaestus.se\/en\/wp-json\/wp\/v2\/users\/1"}],"replies":[{"embeddable":true,"href":"https:\/\/hephaestus.se\/en\/wp-json\/wp\/v2\/comments?post=3"}],"version-history":[{"count":14,"href":"https:\/\/hephaestus.se\/en\/wp-json\/wp\/v2\/pages\/3\/revisions"}],"predecessor-version":[{"id":3156,"href":"https:\/\/hephaestus.se\/en\/wp-json\/wp\/v2\/pages\/3\/revisions\/3156"}],"wp:attachment":[{"href":"https:\/\/hephaestus.se\/en\/wp-json\/wp\/v2\/media?parent=3"}],"curies":[{"name":"wp","href":"https:\/\/api.w.org\/{rel}","templated":true}]}}